{"id":117,"date":"2020-01-10T15:20:27","date_gmt":"2020-01-10T14:20:27","guid":{"rendered":"https:\/\/koparkawarszawa.com.pl\/?page_id=117"},"modified":"2020-01-17T11:38:27","modified_gmt":"2020-01-17T10:38:27","slug":"cennik","status":"publish","type":"page","link":"https:\/\/koparkawarszawa.com.pl\/index.php\/cennik\/","title":{"rendered":"Cennik"},"content":{"rendered":"<div id=\"themify_builder_content-117\" data-postid=\"117\" class=\"themify_builder_content themify_builder_content-117 themify_builder\">\n    \t<!-- module_row -->\n\t<div   data-anchor=\"ofirmie\" class=\"themify_builder_row module_row clearfix fullwidth_row_container tb_section-ofirmie module_row_0 themify_builder_117_row module_row_117-0 tb_bez6430\">\n\t    \t    <div class=\"row_inner col_align_top\" >\n\t\t\t<div  class=\"module_column tb-column col2-1 first tb_117_column module_column_0 module_column_117-0-0 tb_dgbb430 fullcover\" >\n\t    \t    \t<\/div>\n\t\t<div  class=\"module_column tb-column col2-1 last tb_117_column module_column_1 module_column_117-0-1 tb_f9wa431\">\n\t    \t    \t        <div class=\"tb-column-inner\">\n\t\t    <!-- module text -->\n<div  class=\"module module-text tb_dboc431    wow slideInRight \">\n            <div  class=\"tb_text_wrap\">\n    <div class=\"wd-heading text-left \" data-split-text=\"true\" data-split-target=\".animation_target\" data-devia-animate=\"\">\n<h5 class=\"sub_title_b animation_target\">CENNIK<\/h5>\n<h2 class=\"title_b animation_target\" data-text=\"SOME FEATURES AND\">Us\u0142ugi<\/h2>\n<\/div>\n<div class=\"wpb_text_column wpb_content_element \">\n<div class=\"wpb_wrapper\">\n<p>Ceny wszystkich us\u0142ug ustalane s\u0105 indywidualnie po rozmowie telefonicznej i ustaleniu zakresu prac budowlanych.<\/p>\n<p>Istnieje mo\u017cliwo\u015b\u0107 udzielenia rabatu po d\u0142u\u017cszej wsp\u00f3\u0142pracy. Staramy si\u0119 stale poszerza\u0107 nasz\u0105 ofert\u0119 i inwestowa\u0107 w jako\u015b\u0107 naszych us\u0142ug. Dzi\u0119ki takim decyzjom mo\u017cemy przedstawia\u0107 siebie jako jedn\u0105 z najszybciej rozwijaj\u0105cych si\u0119 firm w swojej bran\u017cy. Rozs\u0105dne zarz\u0105dzanie i nale\u017cyta kontrola wewn\u0119trznych koszt\u00f3w sprawiaj\u0105, \u017ce mo\u017cemy oferowa\u0107 konkurencyjne ceny, bez obni\u017cania jako\u015bci \u015bwiadczonych us\u0142ug.<\/p>\n<\/div>\n<\/div>    <\/div>\n<\/div>\n<!-- \/module text -->\n    <!-- module buttons -->\n    <div  class=\"module module-buttons tb_glvo381 normal solid squared   wow slideInUp\">\n\t        \t<div class=\"module-buttons\">\n                            <div class=\"module-buttons-item  buttons-horizontal\">\n\t\t    \t\t\t<a href=\"tel:%20+48791493895\" class=\"ui builder_button black\" >\n\t\t    \t\t    \t\t\t<span>ZADZWO\u0143! 791 493 895<\/span>\n\t\t    \t\t    \t\t\t<\/a>\n\t\t                    <\/div>\n                    <\/div>\n    <\/div>\n    <!-- \/module buttons -->\n\t        <\/div>\n\t    \t<\/div>\n\t\t    <\/div>\n\t    <!-- \/row_inner -->\n\t<\/div>\n\t<!-- \/module_row -->\n\t<\/div>\n","protected":false},"excerpt":{"rendered":"<p>CENNIK Us\u0142ugi Ceny wszystkich us\u0142ug ustalane s\u0105 indywidualnie po rozmowie telefonicznej i ustaleniu zakresu prac budowlanych. Istnieje mo\u017cliwo\u015b\u0107 udzielenia rabatu po d\u0142u\u017cszej wsp\u00f3\u0142pracy. Staramy si\u0119 stale poszerza\u0107 nasz\u0105 ofert\u0119 i inwestowa\u0107 w jako\u015b\u0107 naszych us\u0142ug. Dzi\u0119ki takim decyzjom mo\u017cemy przedstawia\u0107 siebie jako jedn\u0105 z najszybciej rozwijaj\u0105cych si\u0119 firm w swojej bran\u017cy. Rozs\u0105dne zarz\u0105dzanie i nale\u017cyta [&hellip;]<\/p>\n","protected":false},"author":1,"featured_media":0,"parent":0,"menu_order":0,"comment_status":"closed","ping_status":"closed","template":"","meta":[],"yoast_head":"<!-- This site is optimized with the Yoast SEO plugin v15.0 - https:\/\/yoast.com\/wordpress\/plugins\/seo\/ -->\n<title>Cennik - Markop<\/title>\n<meta name=\"robots\" content=\"index, follow, max-snippet:-1, max-image-preview:large, max-video-preview:-1\" \/>\n<link rel=\"canonical\" href=\"https:\/\/koparkawarszawa.com.pl\/index.php\/cennik\/\" \/>\n<meta property=\"og:locale\" content=\"pl_PL\" \/>\n<meta property=\"og:type\" content=\"article\" \/>\n<meta property=\"og:title\" content=\"Cennik - Markop\" \/>\n<meta property=\"og:description\" content=\"CENNIK Us\u0142ugi Ceny wszystkich us\u0142ug ustalane s\u0105 indywidualnie po rozmowie telefonicznej i ustaleniu zakresu prac budowlanych. Istnieje mo\u017cliwo\u015b\u0107 udzielenia rabatu po d\u0142u\u017cszej wsp\u00f3\u0142pracy. Staramy si\u0119 stale poszerza\u0107 nasz\u0105 ofert\u0119 i inwestowa\u0107 w jako\u015b\u0107 naszych us\u0142ug. Dzi\u0119ki takim decyzjom mo\u017cemy przedstawia\u0107 siebie jako jedn\u0105 z najszybciej rozwijaj\u0105cych si\u0119 firm w swojej bran\u017cy. Rozs\u0105dne zarz\u0105dzanie i nale\u017cyta [&hellip;]\" \/>\n<meta property=\"og:url\" content=\"https:\/\/koparkawarszawa.com.pl\/index.php\/cennik\/\" \/>\n<meta property=\"og:site_name\" content=\"Markop\" \/>\n<meta property=\"article:modified_time\" content=\"2020-01-17T10:38:27+00:00\" \/>\n<meta name=\"twitter:card\" content=\"summary_large_image\" \/>\n<script type=\"application\/ld+json\" class=\"yoast-schema-graph\">{\"@context\":\"https:\/\/schema.org\",\"@graph\":[{\"@type\":\"WebSite\",\"@id\":\"https:\/\/koparkawarszawa.com.pl\/#website\",\"url\":\"https:\/\/koparkawarszawa.com.pl\/\",\"name\":\"Markop\",\"description\":\"\",\"potentialAction\":[{\"@type\":\"SearchAction\",\"target\":\"https:\/\/koparkawarszawa.com.pl\/?s={search_term_string}\",\"query-input\":\"required name=search_term_string\"}],\"inLanguage\":\"pl-PL\"},{\"@type\":\"WebPage\",\"@id\":\"https:\/\/koparkawarszawa.com.pl\/index.php\/cennik\/#webpage\",\"url\":\"https:\/\/koparkawarszawa.com.pl\/index.php\/cennik\/\",\"name\":\"Cennik - Markop\",\"isPartOf\":{\"@id\":\"https:\/\/koparkawarszawa.com.pl\/#website\"},\"datePublished\":\"2020-01-10T14:20:27+00:00\",\"dateModified\":\"2020-01-17T10:38:27+00:00\",\"inLanguage\":\"pl-PL\",\"potentialAction\":[{\"@type\":\"ReadAction\",\"target\":[\"https:\/\/koparkawarszawa.com.pl\/index.php\/cennik\/\"]}]}]}<\/script>\n<!-- \/ Yoast SEO plugin. -->","builder_content":"<h5>CENNIK<\/h5> <h2 data-text=\"SOME FEATURES AND\">Us\u0142ugi<\/h2>\n<p>Ceny wszystkich us\u0142ug ustalane s\u0105 indywidualnie po rozmowie telefonicznej i ustaleniu zakresu prac budowlanych.<\/p> <p>Istnieje mo\u017cliwo\u015b\u0107 udzielenia rabatu po d\u0142u\u017cszej wsp\u00f3\u0142pracy. Staramy si\u0119 stale poszerza\u0107 nasz\u0105 ofert\u0119 i inwestowa\u0107 w jako\u015b\u0107 naszych us\u0142ug. Dzi\u0119ki takim decyzjom mo\u017cemy przedstawia\u0107 siebie jako jedn\u0105 z najszybciej rozwijaj\u0105cych si\u0119 firm w swojej bran\u017cy. Rozs\u0105dne zarz\u0105dzanie i nale\u017cyta kontrola wewn\u0119trznych koszt\u00f3w sprawiaj\u0105, \u017ce mo\u017cemy oferowa\u0107 konkurencyjne ceny, bez obni\u017cania jako\u015bci \u015bwiadczonych us\u0142ug.<\/p>\n<a href=\"tel:%20+48791493895\" > ZADZWO\u0143! 791 493 895 <\/a>","_links":{"self":[{"href":"https:\/\/koparkawarszawa.com.pl\/index.php\/wp-json\/wp\/v2\/pages\/117"}],"collection":[{"href":"https:\/\/koparkawarszawa.com.pl\/index.php\/wp-json\/wp\/v2\/pages"}],"about":[{"href":"https:\/\/koparkawarszawa.com.pl\/index.php\/wp-json\/wp\/v2\/types\/page"}],"author":[{"embeddable":true,"href":"https:\/\/koparkawarszawa.com.pl\/index.php\/wp-json\/wp\/v2\/users\/1"}],"replies":[{"embeddable":true,"href":"https:\/\/koparkawarszawa.com.pl\/index.php\/wp-json\/wp\/v2\/comments?post=117"}],"version-history":[{"count":4,"href":"https:\/\/koparkawarszawa.com.pl\/index.php\/wp-json\/wp\/v2\/pages\/117\/revisions"}],"predecessor-version":[{"id":337,"href":"https:\/\/koparkawarszawa.com.pl\/index.php\/wp-json\/wp\/v2\/pages\/117\/revisions\/337"}],"wp:attachment":[{"href":"https:\/\/koparkawarszawa.com.pl\/index.php\/wp-json\/wp\/v2\/media?parent=117"}],"curies":[{"name":"wp","href":"https:\/\/api.w.org\/{rel}","templated":true}]}}